{"id":1692,"date":"2023-11-29T04:49:36","date_gmt":"2023-11-29T04:49:36","guid":{"rendered":"https:\/\/anandaspapty.com\/?page_id=1692"},"modified":"2023-12-03T01:25:06","modified_gmt":"2023-12-03T01:25:06","slug":"masaje-tantrico","status":"publish","type":"page","link":"https:\/\/anandaspapty.com\/index.php\/masaje-tantrico\/","title":{"rendered":"Masaje T\u00e1ntrico"},"content":{"rendered":"\n<p>El masaje t\u00e1ntrico es una antigua pr\u00e1ctica oriental que busca equilibrar la energ\u00eda vital del cuerpo mediante toques suaves, sensuales y conscientes. Se centra en la conexi\u00f3n entre mente y cuerpo, promoviendo una profunda relajaci\u00f3n y exploraci\u00f3n sensorial. Este masaje se enfoca en despertar los sentidos y canalizar la energ\u00eda sexual de manera consciente, no necesariamente con el objetivo de obtener gratificaci\u00f3n sexual, sino para alcanzar un estado de armon\u00eda, conexi\u00f3n y bienestar integral. Es una experiencia \u00edntima y transformadora que busca expandir la conciencia y la sensualidad, llevando a una mayor comprensi\u00f3n de uno mismo y de la conexi\u00f3n con el otro.<\/p>\n","protected":false},"excerpt":{"rendered":"<p>El masaje t\u00e1ntrico es una antigua pr\u00e1ctica oriental que busca equilibrar la energ\u00eda vital del cuerpo mediante toques suaves, sensuales y conscientes. Se centra en la conexi\u00f3n entre mente y cuerpo, promoviendo una profunda relajaci\u00f3n y exploraci\u00f3n sensorial. Este masaje se enfoca en despertar los sentidos y canalizar la energ\u00eda sexual de manera consciente, no [&hellip;]<\/p>\n","protected":false},"author":1,"featured_media":0,"parent":0,"menu_order":0,"comment_status":"closed","ping_status":"closed","template":"","meta":{"om_disable_all_campaigns":false,"_uag_custom_page_level_css":"","_monsterinsights_skip_tracking":false,"_monsterinsights_sitenote_active":false,"_monsterinsights_sitenote_note":"","_monsterinsights_sitenote_category":0,"site-sidebar-layout":"default","site-content-layout":"","ast-site-content-layout":"default","site-content-style":"default","site-sidebar-style":"default","ast-global-header-display":"","ast-banner-title-visibility":"","ast-main-header-display":"","ast-hfb-above-header-display":"","ast-hfb-below-header-display":"","ast-hfb-mobile-header-display":"","site-post-title":"","ast-breadcrumbs-content":"","ast-featured-img":"","footer-sml-layout":"","ast-disable-related-posts":"","theme-transparent-header-meta":"","adv-header-id-meta":"","stick-header-meta":"","header-above-stick-meta":"","header-main-stick-meta":"","header-below-stick-meta":"","astra-migrate-meta-layouts":"set","ast-page-background-enabled":"default","ast-page-background-meta":{"desktop":{"background-color":"var(--ast-global-color-4)","background-image":"","background-repeat":"repeat","background-position":"center center","background-size":"auto","background-attachment":"scroll","background-type":"","background-media":"","overlay-type":"","overlay-color":"","overlay-opacity":"","overlay-gradient":""},"tablet":{"background-color":"","background-image":"","background-repeat":"repeat","background-position":"center center","background-size":"auto","background-attachment":"scroll","background-type":"","background-media":"","overlay-type":"","overlay-color":"","overlay-opacity":"","overlay-gradient":""},"mobile":{"background-color":"","background-image":"","background-repeat":"repeat","background-position":"center center","background-size":"auto","background-attachment":"scroll","background-type":"","background-media":"","overlay-type":"","overlay-color":"","overlay-opacity":"","overlay-gradient":""}},"ast-content-background-meta":{"desktop":{"background-color":"var(--ast-global-color-5)","background-image":"","background-repeat":"repeat","background-position":"center center","background-size":"auto","background-attachment":"scroll","background-type":"","background-media":"","overlay-type":"","overlay-color":"","overlay-opacity":"","overlay-gradient":""},"tablet":{"background-color":"var(--ast-global-color-5)","background-image":"","background-repeat":"repeat","background-position":"center center","background-size":"auto","background-attachment":"scroll","background-type":"","background-media":"","overlay-type":"","overlay-color":"","overlay-opacity":"","overlay-gradient":""},"mobile":{"background-color":"var(--ast-global-color-5)","background-image":"","background-repeat":"repeat","background-position":"center center","background-size":"auto","background-attachment":"scroll","background-type":"","background-media":"","overlay-type":"","overlay-color":"","overlay-opacity":"","overlay-gradient":""}},"_joinchat":[],"footnotes":""},"class_list":["post-1692","page","type-page","status-publish","hentry"],"aioseo_notices":[],"uagb_featured_image_src":{"full":false,"thumbnail":false,"medium":false,"medium_large":false,"large":false,"1536x1536":false,"2048x2048":false},"uagb_author_info":{"display_name":"anandaspapty.com","author_link":"https:\/\/anandaspapty.com\/index.php\/author\/anandaspapty-com\/"},"uagb_comment_info":0,"uagb_excerpt":"El masaje t\u00e1ntrico es una antigua pr\u00e1ctica oriental que busca equilibrar la energ\u00eda vital del cuerpo mediante toques suaves, sensuales y conscientes. Se centra en la conexi\u00f3n entre mente y cuerpo, promoviendo una profunda relajaci\u00f3n y exploraci\u00f3n sensorial. Este masaje se enfoca en despertar los sentidos y canalizar la energ\u00eda sexual de manera consciente, no&hellip;","_links":{"self":[{"href":"https:\/\/anandaspapty.com\/index.php\/wp-json\/wp\/v2\/pages\/1692","targetHints":{"allow":["GET"]}}],"collection":[{"href":"https:\/\/anandaspapty.com\/index.php\/wp-json\/wp\/v2\/pages"}],"about":[{"href":"https:\/\/anandaspapty.com\/index.php\/wp-json\/wp\/v2\/types\/page"}],"author":[{"embeddable":true,"href":"https:\/\/anandaspapty.com\/index.php\/wp-json\/wp\/v2\/users\/1"}],"replies":[{"embeddable":true,"href":"https:\/\/anandaspapty.com\/index.php\/wp-json\/wp\/v2\/comments?post=1692"}],"version-history":[{"count":2,"href":"https:\/\/anandaspapty.com\/index.php\/wp-json\/wp\/v2\/pages\/1692\/revisions"}],"predecessor-version":[{"id":1783,"href":"https:\/\/anandaspapty.com\/index.php\/wp-json\/wp\/v2\/pages\/1692\/revisions\/1783"}],"wp:attachment":[{"href":"https:\/\/anandaspapty.com\/index.php\/wp-json\/wp\/v2\/media?parent=1692"}],"curies":[{"name":"wp","href":"https:\/\/api.w.org\/{rel}","templated":true}]}}