{"id":1694,"date":"2023-11-29T04:49:36","date_gmt":"2023-11-29T04:49:36","guid":{"rendered":"https:\/\/anandaspapty.com\/?page_id=1694"},"modified":"2023-12-03T01:17:45","modified_gmt":"2023-12-03T01:17:45","slug":"maderoterapia","status":"publish","type":"page","link":"https:\/\/anandaspapty.com\/index.php\/maderoterapia\/","title":{"rendered":"Maderoterapia"},"content":{"rendered":"\n<p>La Maderoterapia es una t\u00e9cnica terap\u00e9utica ancestral que utiliza utensilios de madera natural para estimular y reactivar la circulaci\u00f3n sangu\u00ednea, reducir la retenci\u00f3n de l\u00edquidos y modelar la figura corporal. En nuestro SPA, nos apasiona ofrecer esta experiencia \u00fanica que fusiona lo tradicional con lo contempor\u00e1neo, promoviendo la relajaci\u00f3n profunda y el bienestar f\u00edsico.<\/p>\n\n\n\n<p>Nuestro profesional emplea diferentes herramientas de madera dise\u00f1adas ergon\u00f3micamente para adaptarse a las diferentes zonas del cuerpo, permitiendo un masaje profundo y efectivo. La Maderoterapia no solo alivia tensiones musculares, sino que tambi\u00e9n revitaliza la piel, estimula el sistema linf\u00e1tico y promueve una sensaci\u00f3n de equilibrio integral.<\/p>\n\n\n\n<p>En cada sesi\u00f3n, nuestros clientes experimentan una conexi\u00f3n \u00fanica con la naturaleza a trav\u00e9s del tacto suave y reconfortante de la madera, permiti\u00e9ndoles descubrir una nueva forma de relajaci\u00f3n y renovaci\u00f3n f\u00edsica y mental.<\/p>\n\n\n\n<p>Descubre los beneficios restauradores de la maderoterapia con nosotros y sum\u00e9rgete en una experiencia terap\u00e9utica que revitalizar\u00e1 tu cuerpo y tu esp\u00edritu.<\/p>\n","protected":false},"excerpt":{"rendered":"<p>La Maderoterapia es una t\u00e9cnica terap\u00e9utica ancestral que utiliza utensilios de madera natural para estimular y reactivar la circulaci\u00f3n sangu\u00ednea, reducir la retenci\u00f3n de l\u00edquidos y modelar la figura corporal. En nuestro SPA, nos apasiona ofrecer esta experiencia \u00fanica que fusiona lo tradicional con lo contempor\u00e1neo, promoviendo la relajaci\u00f3n profunda y el bienestar f\u00edsico. Nuestro [&hellip;]<\/p>\n","protected":false},"author":1,"featured_media":0,"parent":0,"menu_order":0,"comment_status":"closed","ping_status":"closed","template":"","meta":{"om_disable_all_campaigns":false,"_uag_custom_page_level_css":"","_monsterinsights_skip_tracking":false,"_monsterinsights_sitenote_active":false,"_monsterinsights_sitenote_note":"","_monsterinsights_sitenote_category":0,"site-sidebar-layout":"default","site-content-layout":"","ast-site-content-layout":"default","site-content-style":"default","site-sidebar-style":"default","ast-global-header-display":"","ast-banner-title-visibility":"","ast-main-header-display":"","ast-hfb-above-header-display":"","ast-hfb-below-header-display":"","ast-hfb-mobile-header-display":"","site-post-title":"","ast-breadcrumbs-content":"","ast-featured-img":"","footer-sml-layout":"","ast-disable-related-posts":"","theme-transparent-header-meta":"","adv-header-id-meta":"","stick-header-meta":"","header-above-stick-meta":"","header-main-stick-meta":"","header-below-stick-meta":"","astra-migrate-meta-layouts":"set","ast-page-background-enabled":"default","ast-page-background-meta":{"desktop":{"background-color":"var(--ast-global-color-4)","background-image":"","background-repeat":"repeat","background-position":"center center","background-size":"auto","background-attachment":"scroll","background-type":"","background-media":"","overlay-type":"","overlay-color":"","overlay-opacity":"","overlay-gradient":""},"tablet":{"background-color":"","background-image":"","background-repeat":"repeat","background-position":"center center","background-size":"auto","background-attachment":"scroll","background-type":"","background-media":"","overlay-type":"","overlay-color":"","overlay-opacity":"","overlay-gradient":""},"mobile":{"background-color":"","background-image":"","background-repeat":"repeat","background-position":"center center","background-size":"auto","background-attachment":"scroll","background-type":"","background-media":"","overlay-type":"","overlay-color":"","overlay-opacity":"","overlay-gradient":""}},"ast-content-background-meta":{"desktop":{"background-color":"var(--ast-global-color-5)","background-image":"","background-repeat":"repeat","background-position":"center center","background-size":"auto","background-attachment":"scroll","background-type":"","background-media":"","overlay-type":"","overlay-color":"","overlay-opacity":"","overlay-gradient":""},"tablet":{"background-color":"var(--ast-global-color-5)","background-image":"","background-repeat":"repeat","background-position":"center center","background-size":"auto","background-attachment":"scroll","background-type":"","background-media":"","overlay-type":"","overlay-color":"","overlay-opacity":"","overlay-gradient":""},"mobile":{"background-color":"var(--ast-global-color-5)","background-image":"","background-repeat":"repeat","background-position":"center center","background-size":"auto","background-attachment":"scroll","background-type":"","background-media":"","overlay-type":"","overlay-color":"","overlay-opacity":"","overlay-gradient":""}},"_joinchat":[],"footnotes":""},"class_list":["post-1694","page","type-page","status-publish","hentry"],"aioseo_notices":[],"uagb_featured_image_src":{"full":false,"thumbnail":false,"medium":false,"medium_large":false,"large":false,"1536x1536":false,"2048x2048":false},"uagb_author_info":{"display_name":"anandaspapty.com","author_link":"https:\/\/anandaspapty.com\/index.php\/author\/anandaspapty-com\/"},"uagb_comment_info":0,"uagb_excerpt":"La Maderoterapia es una t\u00e9cnica terap\u00e9utica ancestral que utiliza utensilios de madera natural para estimular y reactivar la circulaci\u00f3n sangu\u00ednea, reducir la retenci\u00f3n de l\u00edquidos y modelar la figura corporal. En nuestro SPA, nos apasiona ofrecer esta experiencia \u00fanica que fusiona lo tradicional con lo contempor\u00e1neo, promoviendo la relajaci\u00f3n profunda y el bienestar f\u00edsico. Nuestro&hellip;","_links":{"self":[{"href":"https:\/\/anandaspapty.com\/index.php\/wp-json\/wp\/v2\/pages\/1694","targetHints":{"allow":["GET"]}}],"collection":[{"href":"https:\/\/anandaspapty.com\/index.php\/wp-json\/wp\/v2\/pages"}],"about":[{"href":"https:\/\/anandaspapty.com\/index.php\/wp-json\/wp\/v2\/types\/page"}],"author":[{"embeddable":true,"href":"https:\/\/anandaspapty.com\/index.php\/wp-json\/wp\/v2\/users\/1"}],"replies":[{"embeddable":true,"href":"https:\/\/anandaspapty.com\/index.php\/wp-json\/wp\/v2\/comments?post=1694"}],"version-history":[{"count":3,"href":"https:\/\/anandaspapty.com\/index.php\/wp-json\/wp\/v2\/pages\/1694\/revisions"}],"predecessor-version":[{"id":1780,"href":"https:\/\/anandaspapty.com\/index.php\/wp-json\/wp\/v2\/pages\/1694\/revisions\/1780"}],"wp:attachment":[{"href":"https:\/\/anandaspapty.com\/index.php\/wp-json\/wp\/v2\/media?parent=1694"}],"curies":[{"name":"wp","href":"https:\/\/api.w.org\/{rel}","templated":true}]}}