{"id":1695,"date":"2023-11-29T04:49:36","date_gmt":"2023-11-29T04:49:36","guid":{"rendered":"https:\/\/anandaspapty.com\/?page_id=1695"},"modified":"2023-12-03T01:11:29","modified_gmt":"2023-12-03T01:11:29","slug":"musicoterapia","status":"publish","type":"page","link":"https:\/\/anandaspapty.com\/index.php\/musicoterapia\/","title":{"rendered":"Musicoterapia"},"content":{"rendered":"\n<p>Descubre los beneficios terap\u00e9uticos de nuestra Musicoterapia, dise\u00f1ada para armonizar tu mente, cuerpo y esp\u00edritu a trav\u00e9s de la poderosa influencia de la m\u00fasica.<\/p>\n\n\n\n<p>Descripci\u00f3n del Servicio:<\/p>\n\n\n\n<p>Nuestro profesional selecciona cuidadosamente piezas que se adaptan a tus necesidades individuales, llev\u00e1ndote a un viaje de relajaci\u00f3n profunda, expresi\u00f3n emocional y conexi\u00f3n espiritual.<\/p>\n\n\n\n<p>Beneficios:<\/p>\n\n\n\n<p>1. Relajaci\u00f3n Profunda: Sum\u00e9rgete en un estado de tranquilidad mientras la m\u00fasica acaricia tus sentidos.<\/p>\n\n\n\n<p>2. Expresi\u00f3n Emocional: La m\u00fasica proporciona un medio seguro para explorar y liberar emociones reprimidas.<\/p>\n\n\n\n<p>3. Reducci\u00f3n del Estr\u00e9s: Las vibraciones musicales tienen el poder de reducir los niveles de cortisol, el principal marcador del estr\u00e9s.<\/p>\n\n\n\n<p>4. Mejora de la Concentraci\u00f3n: Al modular el estado de \u00e1nimo, la musicoterapia puede mejorar la concentraci\u00f3n y la claridad mental.<\/p>\n\n\n\n<p>Caracter\u00edsticas \u00danicas:<\/p>\n\n\n\n<p>1. Selecci\u00f3n Personalizada: Nuestro profesional trabaja contigo para entender tus preferencias musicales, creando una experiencia adaptada a tus gustos individuales.<\/p>\n\n\n\n<p>2. Instrumentaci\u00f3n Variada: Incorporamos una variedad de instrumentos y estilos musicales para enriquecer tu experiencia terap\u00e9utica.<\/p>\n\n\n\n<p>Opciones Personalizadas:<\/p>\n\n\n\n<p>&#8211; Sesiones Individuales o Grupales: Elige entre sesiones \u00edntimas para una experiencia personalizada o \u00fanete a sesiones grupales para compartir la armon\u00eda con otros.<\/p>\n","protected":false},"excerpt":{"rendered":"<p>Descubre los beneficios terap\u00e9uticos de nuestra Musicoterapia, dise\u00f1ada para armonizar tu mente, cuerpo y esp\u00edritu a trav\u00e9s de la poderosa influencia de la m\u00fasica. Descripci\u00f3n del Servicio: Nuestro profesional selecciona cuidadosamente piezas que se adaptan a tus necesidades individuales, llev\u00e1ndote a un viaje de relajaci\u00f3n profunda, expresi\u00f3n emocional y conexi\u00f3n espiritual. Beneficios: 1. Relajaci\u00f3n Profunda: [&hellip;]<\/p>\n","protected":false},"author":1,"featured_media":0,"parent":0,"menu_order":0,"comment_status":"closed","ping_status":"closed","template":"","meta":{"om_disable_all_campaigns":false,"_uag_custom_page_level_css":"","_monsterinsights_skip_tracking":false,"_monsterinsights_sitenote_active":false,"_monsterinsights_sitenote_note":"","_monsterinsights_sitenote_category":0,"site-sidebar-layout":"default","site-content-layout":"","ast-site-content-layout":"default","site-content-style":"default","site-sidebar-style":"default","ast-global-header-display":"","ast-banner-title-visibility":"","ast-main-header-display":"","ast-hfb-above-header-display":"","ast-hfb-below-header-display":"","ast-hfb-mobile-header-display":"","site-post-title":"","ast-breadcrumbs-content":"","ast-featured-img":"","footer-sml-layout":"","ast-disable-related-posts":"","theme-transparent-header-meta":"","adv-header-id-meta":"","stick-header-meta":"","header-above-stick-meta":"","header-main-stick-meta":"","header-below-stick-meta":"","astra-migrate-meta-layouts":"set","ast-page-background-enabled":"default","ast-page-background-meta":{"desktop":{"background-color":"var(--ast-global-color-4)","background-image":"","background-repeat":"repeat","background-position":"center center","background-size":"auto","background-attachment":"scroll","background-type":"","background-media":"","overlay-type":"","overlay-color":"","overlay-opacity":"","overlay-gradient":""},"tablet":{"background-color":"","background-image":"","background-repeat":"repeat","background-position":"center center","background-size":"auto","background-attachment":"scroll","background-type":"","background-media":"","overlay-type":"","overlay-color":"","overlay-opacity":"","overlay-gradient":""},"mobile":{"background-color":"","background-image":"","background-repeat":"repeat","background-position":"center center","background-size":"auto","background-attachment":"scroll","background-type":"","background-media":"","overlay-type":"","overlay-color":"","overlay-opacity":"","overlay-gradient":""}},"ast-content-background-meta":{"desktop":{"background-color":"var(--ast-global-color-5)","background-image":"","background-repeat":"repeat","background-position":"center center","background-size":"auto","background-attachment":"scroll","background-type":"","background-media":"","overlay-type":"","overlay-color":"","overlay-opacity":"","overlay-gradient":""},"tablet":{"background-color":"var(--ast-global-color-5)","background-image":"","background-repeat":"repeat","background-position":"center center","background-size":"auto","background-attachment":"scroll","background-type":"","background-media":"","overlay-type":"","overlay-color":"","overlay-opacity":"","overlay-gradient":""},"mobile":{"background-color":"var(--ast-global-color-5)","background-image":"","background-repeat":"repeat","background-position":"center center","background-size":"auto","background-attachment":"scroll","background-type":"","background-media":"","overlay-type":"","overlay-color":"","overlay-opacity":"","overlay-gradient":""}},"_joinchat":[],"footnotes":""},"class_list":["post-1695","page","type-page","status-publish","hentry"],"aioseo_notices":[],"uagb_featured_image_src":{"full":false,"thumbnail":false,"medium":false,"medium_large":false,"large":false,"1536x1536":false,"2048x2048":false},"uagb_author_info":{"display_name":"anandaspapty.com","author_link":"https:\/\/anandaspapty.com\/index.php\/author\/anandaspapty-com\/"},"uagb_comment_info":0,"uagb_excerpt":"Descubre los beneficios terap\u00e9uticos de nuestra Musicoterapia, dise\u00f1ada para armonizar tu mente, cuerpo y esp\u00edritu a trav\u00e9s de la poderosa influencia de la m\u00fasica. Descripci\u00f3n del Servicio: Nuestro profesional selecciona cuidadosamente piezas que se adaptan a tus necesidades individuales, llev\u00e1ndote a un viaje de relajaci\u00f3n profunda, expresi\u00f3n emocional y conexi\u00f3n espiritual. Beneficios: 1. Relajaci\u00f3n Profunda:&hellip;","_links":{"self":[{"href":"https:\/\/anandaspapty.com\/index.php\/wp-json\/wp\/v2\/pages\/1695","targetHints":{"allow":["GET"]}}],"collection":[{"href":"https:\/\/anandaspapty.com\/index.php\/wp-json\/wp\/v2\/pages"}],"about":[{"href":"https:\/\/anandaspapty.com\/index.php\/wp-json\/wp\/v2\/types\/page"}],"author":[{"embeddable":true,"href":"https:\/\/anandaspapty.com\/index.php\/wp-json\/wp\/v2\/users\/1"}],"replies":[{"embeddable":true,"href":"https:\/\/anandaspapty.com\/index.php\/wp-json\/wp\/v2\/comments?post=1695"}],"version-history":[{"count":2,"href":"https:\/\/anandaspapty.com\/index.php\/wp-json\/wp\/v2\/pages\/1695\/revisions"}],"predecessor-version":[{"id":1778,"href":"https:\/\/anandaspapty.com\/index.php\/wp-json\/wp\/v2\/pages\/1695\/revisions\/1778"}],"wp:attachment":[{"href":"https:\/\/anandaspapty.com\/index.php\/wp-json\/wp\/v2\/media?parent=1695"}],"curies":[{"name":"wp","href":"https:\/\/api.w.org\/{rel}","templated":true}]}}