{"id":762,"date":"2022-05-02T12:02:04","date_gmt":"2022-05-02T12:02:04","guid":{"rendered":"https:\/\/anandaspapty.com\/index.php\/services\/"},"modified":"2025-12-05T18:01:21","modified_gmt":"2025-12-05T18:01:21","slug":"services","status":"publish","type":"page","link":"https:\/\/anandaspapty.com\/index.php\/services\/","title":{"rendered":"Servicios"},"content":{"rendered":"\n<div class=\"wp-block-uagb-container uagb-block-1850952a alignfull uagb-is-root-container\"><div class=\"uagb-container-inner-blocks-wrap\">\n<div class=\"wp-block-uagb-advanced-heading uagb-block-65456fed\"><h6 class=\"uagb-heading-text\">NUESTROS SERVICIOS<\/h6><\/div>\n\n\n\n<div class=\"wp-block-uagb-info-box uagb-block-d620a051 uagb-infobox__content-wrap  uagb-infobox-icon-above-title uagb-infobox-image-valign-top\"><div class=\"uagb-ifb-content\"><div class=\"uagb-ifb-title-wrap\"><h1 class=\"uagb-ifb-title\">Experimenta<\/h1><\/div><p class=\"uagb-ifb-desc\">En nuestro spa, encontrar\u00e1s el escape perfecto para desconectar del estr\u00e9s diario y reconectar con tu paz interior.<\/p><\/div><\/div>\n<\/div><\/div>\n\n\n\n<div class=\"wp-block-uagb-container uagb-block-fa0fa481 alignfull uagb-is-root-container\"><div class=\"uagb-container-inner-blocks-wrap\">\n<div class=\"wp-block-uagb-container uagb-block-8d26621f\">\n<div class=\"wp-block-uagb-container uagb-block-0b76fa12\">\n<div class=\"wp-block-uagb-info-box uagb-block-4e16f59b uagb-infobox__content-wrap  uagb-infobox-icon-above-title uagb-infobox-image-valign-top\"><div class=\"uagb-ifb-content\"><div class=\"uagb-ifb-title-wrap\"><span class=\"uagb-ifb-title-prefix\">01.<\/span><h4 class=\"uagb-ifb-title\">Ubicaci\u00f3n<\/h4><\/div><p class=\"uagb-ifb-desc\">Nuestra ubicaci\u00f3n es privilegiada, estamos en un lugar c\u00e9ntrico de f\u00e1cil acceso para que facilite tu desplazamiento, aunque recuerda que tambi\u00e9n tenemos servicio a domicilio.<\/p><\/div><\/div>\n<\/div>\n\n\n\n<div class=\"wp-block-uagb-container uagb-block-3a098b01\">\n<div class=\"wp-block-uagb-info-box uagb-block-0ad97849 uagb-infobox__content-wrap  uagb-infobox-icon-above-title uagb-infobox-image-valign-top\"><div class=\"uagb-ifb-content\"><div class=\"uagb-ifb-title-wrap\"><span class=\"uagb-ifb-title-prefix\">02.<\/span><h4 class=\"uagb-ifb-title\">Plus<\/h4><\/div><p class=\"uagb-ifb-desc\">Agua y licores de cortes\u00eda.<br><\/p><\/div><\/div>\n<\/div>\n\n\n\n<div class=\"wp-block-uagb-container uagb-block-4ac3fa1e\">\n<div class=\"wp-block-uagb-info-box uagb-block-2f1dbfc3 uagb-infobox__content-wrap  uagb-infobox-icon-above-title uagb-infobox-image-valign-top\"><div class=\"uagb-ifb-content\"><div class=\"uagb-ifb-title-wrap\"><span class=\"uagb-ifb-title-prefix\">03.<\/span><h4 class=\"uagb-ifb-title\">Ventajas<\/h4><\/div><p class=\"uagb-ifb-desc\">No es necesario ning\u00fan registro, con esto protegemos tu privacidad y aumentamos tu comodidad.<br><\/p><\/div><\/div>\n<\/div>\n\n\n\n<div class=\"wp-block-uagb-container uagb-block-d24132b9\">\n<div class=\"wp-block-uagb-info-box uagb-block-a4276d83 uagb-infobox__content-wrap  uagb-infobox-icon-above-title uagb-infobox-image-valign-top\"><div class=\"uagb-ifb-content\"><div class=\"uagb-ifb-title-wrap\"><span class=\"uagb-ifb-title-prefix\">04.<\/span><h4 class=\"uagb-ifb-title\"><strong>Formas de Pago<\/strong><\/h4><\/div><p class=\"uagb-ifb-desc\">Efectivo, Tarjeta, Yappy,&nbsp;Transferencia&nbsp;Bancaria, PayPal, Zelle.<br><a href=\"https:\/\/websitedemos.net\/lotus-spa-02\/services\/?brainstormforce=pTXyytedV9E9TFhT#\"><\/a><\/p><\/div><\/div>\n<\/div>\n\n\n\n<div class=\"wp-block-uagb-container uagb-block-97f09b3b\">\n<div class=\"wp-block-uagb-info-box uagb-block-f7d54b14 uagb-infobox__content-wrap  uagb-infobox-icon-above-title uagb-infobox-image-valign-top\"><div class=\"uagb-ifb-content\"><div class=\"uagb-ifb-title-wrap\"><span class=\"uagb-ifb-title-prefix\">05.<\/span><h4 class=\"uagb-ifb-title\">Descuentos<\/h4><\/div><p class=\"uagb-ifb-desc\">Si deseas un masaje en pareja acceder\u00e1s a un excelente descuento.<br><a href=\"https:\/\/websitedemos.net\/lotus-spa-02\/services\/?brainstormforce=pTXyytedV9E9TFhT#\"><\/a><\/p><\/div><\/div>\n<\/div>\n\n\n\n<div class=\"wp-block-uagb-container uagb-block-61d480ee\">\n<div class=\"wp-block-uagb-info-box uagb-block-982c4a53 uagb-infobox__content-wrap  uagb-infobox-icon-above-title uagb-infobox-image-valign-top\"><div class=\"uagb-ifb-content\"><div class=\"uagb-ifb-title-wrap\"><span class=\"uagb-ifb-title-prefix\">06.<\/span><h4 class=\"uagb-ifb-title\">Productos<\/h4><\/div><p class=\"uagb-ifb-desc\">Todos nuestros productos y herramientas son de alta calidad para que tu experiencia sea la mejor.<br><a href=\"https:\/\/websitedemos.net\/lotus-spa-02\/services\/?brainstormforce=pTXyytedV9E9TFhT#\"><\/a><\/p><\/div><\/div>\n<\/div>\n<\/div>\n<\/div><\/div>\n\n\n\n<div class=\"wp-block-uagb-container uagb-block-46394de7 alignfull uagb-is-root-container\"><div class=\"uagb-container-inner-blocks-wrap\">\n<div class=\"wp-block-uagb-advanced-heading uagb-block-c1af0969\"><h6 class=\"uagb-heading-text\">OFERTAS ESPECIALES TODO EL TIEMPO.<\/h6><\/div>\n\n\n\n<div class=\"wp-block-uagb-info-box uagb-block-a2d703bc uagb-infobox__content-wrap  uagb-infobox-icon-above-title uagb-infobox-image-valign-top\"><div class=\"uagb-ifb-content\"><div class=\"uagb-ifb-title-wrap\"><h2 class=\"uagb-ifb-title\">Durante todo este mes disfruta de:<\/h2><\/div><p class=\"uagb-ifb-desc\">&#8211; Masaje relajante muscular. <br>&#8211; Maderoterapia.<br>&#8211; Reflexoterapia.<br>&#8211; Piedras volc\u00e1nicas.<br>&#8211; Masaje deportivo.<br>&#8211; Masaje piernas cansadas.<br>&#8211; Masajes a 4 manos.<br><br>Y m\u00e1s&#8230;<br><br>\u00a1Todos con precios especiales y cortes\u00eda de vino!<\/p><\/div><\/div>\n<\/div><\/div>\n\n\n\n<div class=\"wp-block-uagb-container uagb-block-2ebf56f7 alignfull uagb-is-root-container\"><div class=\"uagb-container-inner-blocks-wrap\">\n<div class=\"wp-block-uagb-advanced-heading uagb-block-c782775e\"><h6 class=\"uagb-heading-text\">MIRA ALGUNOS DE NUESTROS<\/h6><\/div>\n\n\n\n<div class=\"wp-block-uagb-info-box uagb-block-e1750f1a uagb-infobox__content-wrap  uagb-infobox-icon-above-title uagb-infobox-image-valign-top\"><div class=\"uagb-ifb-content\"><div class=\"uagb-ifb-title-wrap\"><h2 class=\"uagb-ifb-title\">Diferentes servicios<\/h2><\/div><p class=\"uagb-ifb-desc\">En nuestro refugio de bienestar, te recibimos con un cuidado especial, brind\u00e1ndote un ambiente acogedor donde cada detalle est\u00e1 pensado para tu comodidad y placer.<\/p><\/div><\/div>\n\n\n\n<div class=\"wp-block-uagb-container uagb-block-063f4858\">\n<div class=\"wp-block-uagb-container uagb-block-6211ec15\">\n<div class=\"wp-block-uagb-image uagb-block-d5d72035 wp-block-uagb-image--layout-default wp-block-uagb-image--effect-static wp-block-uagb-image--align-none\"><figure class=\"wp-block-uagb-image__figure\"><img decoding=\"async\" srcset=\"https:\/\/anandaspapty.com\/wp-content\/uploads\/2021\/08\/lotus-spa-template-about-gallery-slider-img-3.jpg ,https:\/\/anandaspapty.com\/wp-content\/uploads\/2021\/08\/lotus-spa-template-about-gallery-slider-img-3.jpg 780w, https:\/\/anandaspapty.com\/wp-content\/uploads\/2021\/08\/lotus-spa-template-about-gallery-slider-img-3.jpg 360w\" sizes=\"auto, (max-width: 480px) 150px\" src=\"https:\/\/anandaspapty.com\/wp-content\/uploads\/2021\/08\/lotus-spa-template-about-gallery-slider-img-3.jpg\" alt=\"\" class=\"uag-image-345\" width=\"600\" height=\"600\" title=\"\" loading=\"lazy\" role=\"img\"\/><\/figure><\/div>\n<\/div>\n\n\n\n<div class=\"wp-block-uagb-container uagb-block-a7223a49\">\n<div class=\"wp-block-uagb-info-box uagb-block-bd8849a2 uagb-infobox__content-wrap  uagb-infobox-icon-above-title uagb-infobox-image-valign-top\"><div class=\"uagb-ifb-content\"><div class=\"uagb-ifb-title-wrap\"><h3 class=\"uagb-ifb-title\">Masaje Relajante Muscular y Descontracturante<\/h3><\/div><p class=\"uagb-ifb-desc\">Libera la tensi\u00f3n de tus piernas, espalda y m\u00fasculos, aliviando dolores y descontracturando tu cuerpo.<br><br><\/p><\/div><\/div>\n\n\n\n<div class=\"wp-block-uagb-info-box uagb-block-15e40a53 uagb-infobox__content-wrap  uagb-infobox-icon-above-title uagb-infobox-image-valign-top\"><div class=\"uagb-ifb-content\"><div class=\"uagb-ifb-title-wrap\"><span class=\"uagb-ifb-title-prefix\"><br><a href=\"https:\/\/websitedemos.net\/lotus-spa-02\/?brainstormforce=pTXyytedV9E9TFhT#\"><\/a><\/span><\/div><\/div><\/div>\n<\/div>\n<\/div>\n\n\n\n<div class=\"wp-block-uagb-container uagb-block-84204015\">\n<div class=\"wp-block-uagb-container uagb-block-f7fd79e5\">\n<div class=\"wp-block-uagb-info-box uagb-block-50d5df87 uagb-infobox__content-wrap  uagb-infobox-icon-above-title uagb-infobox-image-valign-top\"><div class=\"uagb-ifb-content\"><div class=\"uagb-ifb-title-wrap\"><h3 class=\"uagb-ifb-title\">Masaje Sensitivo<\/h3><\/div><p class=\"uagb-ifb-desc\">Experimenta diversas sensaciones de relajaci\u00f3n y placer con herramientas como ara\u00f1itas, bamboo y plumas.<br><\/p><\/div><\/div>\n\n\n\n<div class=\"wp-block-uagb-info-box uagb-block-3ad1fc4c uagb-infobox__content-wrap  uagb-infobox-icon-above-title uagb-infobox-image-valign-top\"><div class=\"uagb-ifb-content\"><div class=\"uagb-ifb-title-wrap\"><span class=\"uagb-ifb-title-prefix\"><br><a href=\"https:\/\/websitedemos.net\/lotus-spa-02\/?brainstormforce=pTXyytedV9E9TFhT#\"><\/a><\/span><\/div><\/div><\/div>\n<\/div>\n\n\n\n<div class=\"wp-block-uagb-container uagb-block-3f810465\">\n<div class=\"wp-block-uagb-image uagb-block-55123037 wp-block-uagb-image--layout-default wp-block-uagb-image--effect-static wp-block-uagb-image--align-none\"><figure class=\"wp-block-uagb-image__figure\"><img decoding=\"async\" srcset=\"https:\/\/anandaspapty.com\/wp-content\/uploads\/2021\/08\/lotus-spa-template-services-img-2.jpg ,https:\/\/anandaspapty.com\/wp-content\/uploads\/2021\/08\/lotus-spa-template-services-img-2.jpg 780w\" sizes=\"auto, (max-width: 480px) 150px\" src=\"https:\/\/anandaspapty.com\/wp-content\/uploads\/2021\/08\/lotus-spa-template-services-img-2.jpg\" alt=\"\" class=\"uag-image-555\" width=\"600\" height=\"600\" title=\"\" loading=\"lazy\" role=\"img\"\/><\/figure><\/div>\n<\/div>\n<\/div>\n\n\n\n<div class=\"wp-block-uagb-container uagb-block-e46a3d02\">\n<div class=\"wp-block-uagb-container uagb-block-6f82edc2\">\n<div class=\"wp-block-uagb-image uagb-block-2e97e91d wp-block-uagb-image--layout-default wp-block-uagb-image--effect-static wp-block-uagb-image--align-none\"><figure class=\"wp-block-uagb-image__figure\"><img decoding=\"async\" srcset=\"https:\/\/anandaspapty.com\/wp-content\/uploads\/2021\/08\/lotus-spa-template-services-img-3.jpg ,https:\/\/anandaspapty.com\/wp-content\/uploads\/2021\/08\/lotus-spa-template-services-img-3.jpg 780w\" sizes=\"auto, (max-width: 480px) 150px\" src=\"https:\/\/anandaspapty.com\/wp-content\/uploads\/2021\/08\/lotus-spa-template-services-img-3.jpg\" alt=\"\" class=\"uag-image-554\" width=\"600\" height=\"600\" title=\"\" loading=\"lazy\" role=\"img\"\/><\/figure><\/div>\n<\/div>\n\n\n\n<div class=\"wp-block-uagb-container uagb-block-9a2574bf\">\n<div class=\"wp-block-uagb-info-box uagb-block-a5846f53 uagb-infobox__content-wrap  uagb-infobox-icon-above-title uagb-infobox-image-valign-top\"><div class=\"uagb-ifb-content\"><div class=\"uagb-ifb-title-wrap\"><h3 class=\"uagb-ifb-title\">Masaje Deportivo<\/h3><\/div><p class=\"uagb-ifb-desc\">Prepara y recupera tus m\u00fasculos con t\u00e9cnicas que mejoran la flexibilidad y la circulaci\u00f3n sangu\u00ednea, ideal para antes y despu\u00e9s de la actividad f\u00edsica.<br><\/p><\/div><\/div>\n\n\n\n<div class=\"wp-block-uagb-info-box uagb-block-8873dbe9 uagb-infobox__content-wrap  uagb-infobox-icon-above-title uagb-infobox-image-valign-top\"><div class=\"uagb-ifb-content\"><div class=\"uagb-ifb-title-wrap\"><span class=\"uagb-ifb-title-prefix\"><br><a href=\"https:\/\/websitedemos.net\/lotus-spa-02\/?brainstormforce=pTXyytedV9E9TFhT#\"><\/a><\/span><\/div><\/div><\/div>\n<\/div>\n<\/div>\n\n\n\n<div class=\"wp-block-uagb-container uagb-block-5af7ec75\">\n<div class=\"wp-block-uagb-container uagb-block-cca8dc60\">\n<div class=\"wp-block-uagb-info-box uagb-block-fa350569 uagb-infobox__content-wrap  uagb-infobox-icon-above-title uagb-infobox-image-valign-top\"><div class=\"uagb-ifb-content\"><div class=\"uagb-ifb-title-wrap\"><h3 class=\"uagb-ifb-title\">Vibroterapia<\/h3><\/div><p class=\"uagb-ifb-desc\">Alivia m\u00fasculos tensos y r\u00edgidos, liberando esa tensi\u00f3n inusual o exceso de tono muscular.<br><\/p><\/div><\/div>\n\n\n\n<div class=\"wp-block-uagb-info-box uagb-block-6cffc284 uagb-infobox__content-wrap  uagb-infobox-icon-above-title uagb-infobox-image-valign-top\"><div class=\"uagb-ifb-content\"><div class=\"uagb-ifb-title-wrap\"><span class=\"uagb-ifb-title-prefix\"><br><a href=\"https:\/\/websitedemos.net\/lotus-spa-02\/?brainstormforce=pTXyytedV9E9TFhT#\"><\/a><\/span><\/div><\/div><\/div>\n<\/div>\n\n\n\n<div class=\"wp-block-uagb-container uagb-block-396a923f\">\n<div class=\"wp-block-uagb-image uagb-block-5a0ada42 wp-block-uagb-image--layout-default wp-block-uagb-image--effect-static wp-block-uagb-image--align-none\"><figure class=\"wp-block-uagb-image__figure\"><img decoding=\"async\" srcset=\"https:\/\/anandaspapty.com\/wp-content\/uploads\/2021\/08\/lotus-spa-template-about-gallery-slider-img-1.jpg ,https:\/\/anandaspapty.com\/wp-content\/uploads\/2021\/08\/lotus-spa-template-about-gallery-slider-img-1.jpg 780w, https:\/\/anandaspapty.com\/wp-content\/uploads\/2021\/08\/lotus-spa-template-about-gallery-slider-img-1.jpg 360w\" sizes=\"auto, (max-width: 480px) 150px\" src=\"https:\/\/anandaspapty.com\/wp-content\/uploads\/2021\/08\/lotus-spa-template-about-gallery-slider-img-1.jpg\" alt=\"\" class=\"uag-image-346\" width=\"600\" height=\"600\" title=\"\" loading=\"lazy\" role=\"img\"\/><\/figure><\/div>\n<\/div>\n<\/div>\n<\/div><\/div>\n\n\n\n<div class=\"wp-block-uagb-container uagb-block-56cba84a alignfull uagb-is-root-container\"><div class=\"uagb-container-inner-blocks-wrap\">\n<div class=\"wp-block-uagb-container uagb-block-a7f0b104\">\n<div class=\"wp-block-uagb-advanced-heading uagb-block-3b947371\"><h6 class=\"uagb-heading-text\">\u00bfQU\u00c9 EST\u00c1S ESPERANDO?&#8230;<\/h6><\/div>\n\n\n\n<div class=\"wp-block-uagb-info-box uagb-block-a801916f uagb-infobox__content-wrap  uagb-infobox-icon-above-title uagb-infobox-image-valign-top\"><div class=\"uagb-ifb-content\"><div class=\"uagb-ifb-title-wrap\"><h2 class=\"uagb-ifb-title\">Separa tu cita.<\/h2><\/div><p class=\"uagb-ifb-desc\">Experimenta el lujo de la relajaci\u00f3n en un entorno armonioso, donde cada momento est\u00e1 dedicado a tu bienestar.<br><br><strong>Recuerda reservar tu cita m\u00ednimo con una (1) hora de anticipaci\u00f3n.<\/strong><br><br><strong>Dear customer,<br>This is a friendly reminder that you should book your appointment with us at least one hour before your desired scheduled time.<\/strong><\/p><\/div><\/div>\n\n\n\n<div class=\"wp-block-uagb-info-box uagb-block-6c73f869 uagb-infobox__content-wrap  uagb-infobox-icon-left uagb-infobox-left uagb-infobox-image-valign-top\"><div class=\"uagb-ifb-icon-wrap\"><svg xmlns=\"https:\/\/www.w3.org\/2000\/svg\" viewBox=\"0 0 384 512\"><path d=\"M168.3 499.2C116.1 435 0 279.4 0 192C0 85.96 85.96 0 192 0C298 0 384 85.96 384 192C384 279.4 267 435 215.7 499.2C203.4 514.5 180.6 514.5 168.3 499.2H168.3zM192 256C227.3 256 256 227.3 256 192C256 156.7 227.3 128 192 128C156.7 128 128 156.7 128 192C128 227.3 156.7 256 192 256z\"><\/path><\/svg><\/div><div class=\"uagb-ifb-content\"><div class=\"uagb-ifb-title-wrap\"><h6 class=\"uagb-ifb-title\">NUESTRA UBICACI\u00d3N<\/h6><\/div><p class=\"uagb-ifb-desc\">Ciudad De Panam\u00e1: BELLA VISTA, Perejil.<\/p><div class=\"uagb-ifb-separator\"><\/div><\/div><\/div>\n\n\n\n<div class=\"wp-block-uagb-container uagb-block-7c487dcb\">\n<div class=\"wp-block-uagb-info-box uagb-block-9a07cc8b uagb-infobox__content-wrap  uagb-infobox-icon-left uagb-infobox-left uagb-infobox-image-valign-top\"><div class=\"uagb-ifb-icon-wrap\"><svg xmlns=\"https:\/\/www.w3.org\/2000\/svg\" viewBox=\"0 0 512 512\"><path d=\"M256 512C114.6 512 0 397.4 0 256C0 114.6 114.6 0 256 0C397.4 0 512 114.6 512 256C512 397.4 397.4 512 256 512zM232 256C232 264 236 271.5 242.7 275.1L338.7 339.1C349.7 347.3 364.6 344.3 371.1 333.3C379.3 322.3 376.3 307.4 365.3 300L280 243.2V120C280 106.7 269.3 96 255.1 96C242.7 96 231.1 106.7 231.1 120L232 256z\"><\/path><\/svg><\/div><div class=\"uagb-ifb-content\"><div class=\"uagb-ifb-title-wrap\"><h6 class=\"uagb-ifb-title\">NUESTROS HORARIOS<\/h6><\/div><p class=\"uagb-ifb-desc\">Lun &#8211; S\u00e1b 7:00 a 21:00<br>Dom &#8211; Fer 7:00 a 15:00<\/p><div class=\"uagb-ifb-separator\"><\/div><\/div><\/div>\n\n\n\n<div class=\"wp-block-uagb-info-box uagb-block-d23347db uagb-infobox__content-wrap  uagb-infobox-icon-left uagb-infobox-left uagb-infobox-image-valign-top\"><div class=\"uagb-ifb-icon-wrap\"><svg xmlns=\"https:\/\/www.w3.org\/2000\/svg\" viewBox=\"0 0 576 512\"><path d=\"M495.5 223.2C491.6 223.7 487.6 224 483.4 224C457.4 224 434.2 212.6 418.3 195C402.4 212.6 379.2 224 353.1 224C327 224 303.8 212.6 287.9 195C272 212.6 248.9 224 222.7 224C196.7 224 173.5 212.6 157.6 195C141.7 212.6 118.5 224 92.36 224C88.3 224 84.21 223.7 80.24 223.2C24.92 215.8-1.255 150.6 28.33 103.8L85.66 13.13C90.76 4.979 99.87 0 109.6 0H466.4C476.1 0 485.2 4.978 490.3 13.13L547.6 103.8C577.3 150.7 551 215.8 495.5 223.2H495.5zM499.7 254.9C503.1 254.4 508 253.6 512 252.6V448C512 483.3 483.3 512 448 512H128C92.66 512 64 483.3 64 448V252.6C67.87 253.6 71.86 254.4 75.97 254.9L76.09 254.9C81.35 255.6 86.83 256 92.36 256C104.8 256 116.8 254.1 128 250.6V384H448V250.7C459.2 254.1 471.1 256 483.4 256C489 256 494.4 255.6 499.7 254.9L499.7 254.9z\"><\/path><\/svg><\/div><div class=\"uagb-ifb-content\"><div class=\"uagb-ifb-title-wrap\"><h6 class=\"uagb-ifb-title\">CONTACTO<\/h6><\/div><p class=\"uagb-ifb-desc\">Tel\u00e9fono: +507 69777383<br>Email:\u00a0info@anandaspapty<\/p><\/div><\/div>\n<\/div>\n<\/div>\n\n\n\n<div class=\"wp-block-uagb-container uagb-block-222f632b\">\n<div class=\"wp-block-uagb-info-box uagb-block-42308781 uagb-infobox__content-wrap  uagb-infobox-icon-above-title uagb-infobox-image-valign-top\"><div class=\"uagb-ifb-content\"><div class=\"uagb-ifb-title-wrap\"><\/div><div class=\"uagb-ifb-separator\"><\/div><\/div><\/div>\n\n\n<\/div>\n<\/div><\/div>\n\n\n\n<p><\/p>\n","protected":false},"excerpt":{"rendered":"<p>NUESTROS SERVICIOS OFERTAS ESPECIALES TODO EL TIEMPO. MIRA ALGUNOS DE NUESTROS \u00bfQU\u00c9 EST\u00c1S ESPERANDO?&#8230;<\/p>\n","protected":false},"author":1,"featured_media":0,"parent":0,"menu_order":0,"comment_status":"closed","ping_status":"closed","template":"","meta":{"om_disable_all_campaigns":false,"_uag_custom_page_level_css":"","_monsterinsights_skip_tracking":false,"_monsterinsights_sitenote_active":false,"_monsterinsights_sitenote_note":"","_monsterinsights_sitenote_category":0,"site-sidebar-layout":"no-sidebar","site-content-layout":"page-builder","ast-site-content-layout":"full-width-container","site-content-style":"unboxed","site-sidebar-style":"unboxed","ast-global-header-display":"","ast-banner-title-visibility":"","ast-main-header-display":"","ast-hfb-above-header-display":"","ast-hfb-below-header-display":"","ast-hfb-mobile-header-display":"","site-post-title":"disabled","ast-breadcrumbs-content":"","ast-featured-img":"disabled","footer-sml-layout":"","ast-disable-related-posts":"","theme-transparent-header-meta":"enabled","adv-header-id-meta":"","stick-header-meta":"","header-above-stick-meta":"","header-main-stick-meta":"","header-below-stick-meta":"","astra-migrate-meta-layouts":"set","ast-page-background-enabled":"default","ast-page-background-meta":{"desktop":{"background-color":"var(--ast-global-color-4)","background-image":"","background-repeat":"repeat","background-position":"center center","background-size":"auto","background-attachment":"scroll","background-type":"","background-media":"","overlay-type":"","overlay-color":"","overlay-opacity":"","overlay-gradient":""},"tablet":{"background-color":"","background-image":"","background-repeat":"repeat","background-position":"center center","background-size":"auto","background-attachment":"scroll","background-type":"","background-media":"","overlay-type":"","overlay-color":"","overlay-opacity":"","overlay-gradient":""},"mobile":{"background-color":"","background-image":"","background-repeat":"repeat","background-position":"center center","background-size":"auto","background-attachment":"scroll","background-type":"","background-media":"","overlay-type":"","overlay-color":"","overlay-opacity":"","overlay-gradient":""}},"ast-content-background-meta":{"desktop":{"background-color":"var(--ast-global-color-5)","background-image":"","background-repeat":"repeat","background-position":"center center","background-size":"auto","background-attachment":"scroll","background-type":"","background-media":"","overlay-type":"","overlay-color":"","overlay-opacity":"","overlay-gradient":""},"tablet":{"background-color":"var(--ast-global-color-5)","background-image":"","background-repeat":"repeat","background-position":"center center","background-size":"auto","background-attachment":"scroll","background-type":"","background-media":"","overlay-type":"","overlay-color":"","overlay-opacity":"","overlay-gradient":""},"mobile":{"background-color":"var(--ast-global-color-5)","background-image":"","background-repeat":"repeat","background-position":"center center","background-size":"auto","background-attachment":"scroll","background-type":"","background-media":"","overlay-type":"","overlay-color":"","overlay-opacity":"","overlay-gradient":""}},"_joinchat":[],"footnotes":""},"class_list":["post-762","page","type-page","status-publish","hentry"],"aioseo_notices":[],"uagb_featured_image_src":{"full":false,"thumbnail":false,"medium":false,"medium_large":false,"large":false,"1536x1536":false,"2048x2048":false},"uagb_author_info":{"display_name":"anandaspapty.com","author_link":"https:\/\/anandaspapty.com\/index.php\/author\/anandaspapty-com\/"},"uagb_comment_info":0,"uagb_excerpt":"NUESTROS SERVICIOS OFERTAS ESPECIALES TODO EL TIEMPO. MIRA ALGUNOS DE NUESTROS \u00bfQU\u00c9 EST\u00c1S ESPERANDO?&#8230;","_links":{"self":[{"href":"https:\/\/anandaspapty.com\/index.php\/wp-json\/wp\/v2\/pages\/762","targetHints":{"allow":["GET"]}}],"collection":[{"href":"https:\/\/anandaspapty.com\/index.php\/wp-json\/wp\/v2\/pages"}],"about":[{"href":"https:\/\/anandaspapty.com\/index.php\/wp-json\/wp\/v2\/types\/page"}],"author":[{"embeddable":true,"href":"https:\/\/anandaspapty.com\/index.php\/wp-json\/wp\/v2\/users\/1"}],"replies":[{"embeddable":true,"href":"https:\/\/anandaspapty.com\/index.php\/wp-json\/wp\/v2\/comments?post=762"}],"version-history":[{"count":29,"href":"https:\/\/anandaspapty.com\/index.php\/wp-json\/wp\/v2\/pages\/762\/revisions"}],"predecessor-version":[{"id":2033,"href":"https:\/\/anandaspapty.com\/index.php\/wp-json\/wp\/v2\/pages\/762\/revisions\/2033"}],"wp:attachment":[{"href":"https:\/\/anandaspapty.com\/index.php\/wp-json\/wp\/v2\/media?parent=762"}],"curies":[{"name":"wp","href":"https:\/\/api.w.org\/{rel}","templated":true}]}}