{"id":764,"date":"2022-05-02T12:03:28","date_gmt":"2022-05-02T12:03:28","guid":{"rendered":"https:\/\/anandaspapty.com\/index.php\/contact\/"},"modified":"2025-12-05T18:02:29","modified_gmt":"2025-12-05T18:02:29","slug":"contact","status":"publish","type":"page","link":"https:\/\/anandaspapty.com\/index.php\/contact\/","title":{"rendered":"Contact"},"content":{"rendered":"\n<div class=\"wp-block-uagb-container uagb-block-a6b158bc alignfull uagb-is-root-container\"><div class=\"uagb-container-inner-blocks-wrap\">\n<div class=\"wp-block-uagb-advanced-heading uagb-block-43e83e93\"><h6 class=\"uagb-heading-text\">Celebra el amor y la relajaci\u00f3n en un ambiente \u00edntimo creado para que no solo t\u00fa, sino tambi\u00e9n las parejas, se sumerjan en la serenidad y se reconecten en cuerpo y alma.<\/h6><\/div>\n\n\n\n<div class=\"wp-block-uagb-advanced-heading uagb-block-56054d6e\"><h1 class=\"uagb-heading-text\">Cont\u00e1ctanos<\/h1><\/div>\n<\/div><\/div>\n\n\n\n<div class=\"wp-block-uagb-container uagb-block-e213b380 alignfull uagb-is-root-container\"><div class=\"uagb-container-inner-blocks-wrap\">\n<div class=\"wp-block-uagb-container uagb-block-b0962c8c\">\n<div class=\"wp-block-uagb-advanced-heading uagb-block-de84345f\"><h6 class=\"uagb-heading-text\">\u00bfQU\u00c9 EST\u00c1S ESPERANDO?&#8230;<\/h6><\/div>\n\n\n\n<div class=\"wp-block-uagb-info-box uagb-block-82e2e633 uagb-infobox__content-wrap  uagb-infobox-icon-above-title uagb-infobox-image-valign-top\"><div class=\"uagb-ifb-content\"><div class=\"uagb-ifb-title-wrap\"><h2 class=\"uagb-ifb-title\">Separa tu cita.<\/h2><\/div><p class=\"uagb-ifb-desc\">Experimenta el lujo de la relajaci\u00f3n en un entorno armonioso, donde cada momento est\u00e1 dedicado a tu bienestar.<br><strong><br>Recuerda reservar tu cita m\u00ednimo con una (1) hora de anticipaci\u00f3n.<\/strong><br><br><strong>Dear customer,<br>This is a friendly reminder that you should book your appointment with us at least one hour before your desired scheduled time.<\/strong><\/p><\/div><\/div>\n\n\n\n<div class=\"wp-block-uagb-info-box uagb-block-fb6066bb uagb-infobox__content-wrap  uagb-infobox-icon-left uagb-infobox-left uagb-infobox-image-valign-top\"><div class=\"uagb-ifb-icon-wrap\"><svg xmlns=\"https:\/\/www.w3.org\/2000\/svg\" viewBox=\"0 0 384 512\"><path d=\"M168.3 499.2C116.1 435 0 279.4 0 192C0 85.96 85.96 0 192 0C298 0 384 85.96 384 192C384 279.4 267 435 215.7 499.2C203.4 514.5 180.6 514.5 168.3 499.2H168.3zM192 256C227.3 256 256 227.3 256 192C256 156.7 227.3 128 192 128C156.7 128 128 156.7 128 192C128 227.3 156.7 256 192 256z\"><\/path><\/svg><\/div><div class=\"uagb-ifb-content\"><div class=\"uagb-ifb-title-wrap\"><h6 class=\"uagb-ifb-title\">NUESTRA UBICACI\u00d3N<\/h6><\/div><p class=\"uagb-ifb-desc\">Ciudad De Panam\u00e1: BELLA VISTA, Perejil.<\/p><div class=\"uagb-ifb-separator\"><\/div><\/div><\/div>\n\n\n\n<div class=\"wp-block-uagb-container uagb-block-64a0adaf\">\n<div class=\"wp-block-uagb-info-box uagb-block-16fc9c19 uagb-infobox__content-wrap  uagb-infobox-icon-left uagb-infobox-left uagb-infobox-image-valign-top\"><div class=\"uagb-ifb-icon-wrap\"><svg xmlns=\"https:\/\/www.w3.org\/2000\/svg\" viewBox=\"0 0 512 512\"><path d=\"M256 512C114.6 512 0 397.4 0 256C0 114.6 114.6 0 256 0C397.4 0 512 114.6 512 256C512 397.4 397.4 512 256 512zM232 256C232 264 236 271.5 242.7 275.1L338.7 339.1C349.7 347.3 364.6 344.3 371.1 333.3C379.3 322.3 376.3 307.4 365.3 300L280 243.2V120C280 106.7 269.3 96 255.1 96C242.7 96 231.1 106.7 231.1 120L232 256z\"><\/path><\/svg><\/div><div class=\"uagb-ifb-content\"><div class=\"uagb-ifb-title-wrap\"><h6 class=\"uagb-ifb-title\">NUESTROS HORARIOS<\/h6><\/div><p class=\"uagb-ifb-desc\">Lun &#8211; S\u00e1b 7:00 a 21:00<br>Dom &#8211; Fer 7:00 a 15:00<\/p><div class=\"uagb-ifb-separator\"><\/div><\/div><\/div>\n\n\n\n<div class=\"wp-block-uagb-info-box uagb-block-dba64614 uagb-infobox__content-wrap  uagb-infobox-icon-left uagb-infobox-left uagb-infobox-image-valign-top\"><div class=\"uagb-ifb-icon-wrap\"><svg xmlns=\"https:\/\/www.w3.org\/2000\/svg\" viewBox=\"0 0 576 512\"><path d=\"M495.5 223.2C491.6 223.7 487.6 224 483.4 224C457.4 224 434.2 212.6 418.3 195C402.4 212.6 379.2 224 353.1 224C327 224 303.8 212.6 287.9 195C272 212.6 248.9 224 222.7 224C196.7 224 173.5 212.6 157.6 195C141.7 212.6 118.5 224 92.36 224C88.3 224 84.21 223.7 80.24 223.2C24.92 215.8-1.255 150.6 28.33 103.8L85.66 13.13C90.76 4.979 99.87 0 109.6 0H466.4C476.1 0 485.2 4.978 490.3 13.13L547.6 103.8C577.3 150.7 551 215.8 495.5 223.2H495.5zM499.7 254.9C503.1 254.4 508 253.6 512 252.6V448C512 483.3 483.3 512 448 512H128C92.66 512 64 483.3 64 448V252.6C67.87 253.6 71.86 254.4 75.97 254.9L76.09 254.9C81.35 255.6 86.83 256 92.36 256C104.8 256 116.8 254.1 128 250.6V384H448V250.7C459.2 254.1 471.1 256 483.4 256C489 256 494.4 255.6 499.7 254.9L499.7 254.9z\"><\/path><\/svg><\/div><div class=\"uagb-ifb-content\"><div class=\"uagb-ifb-title-wrap\"><h6 class=\"uagb-ifb-title\">CONTACTO<\/h6><\/div><p class=\"uagb-ifb-desc\">Tel\u00e9fono: +507 69777383<br>Email:\u00a0info@anandaspapty<\/p><\/div><\/div>\n<\/div>\n<\/div>\n\n\n\n<div class=\"wp-block-uagb-container uagb-block-83fae13e\">\n<div class=\"wp-block-uagb-info-box uagb-block-818fdbd2 uagb-infobox__content-wrap  uagb-infobox-icon-above-title uagb-infobox-image-valign-top\"><div class=\"uagb-ifb-content\"><div class=\"uagb-ifb-title-wrap\"><\/div><div class=\"uagb-ifb-separator\"><\/div><\/div><\/div>\n\n\n<div class=\"wpforms-container wpforms-block wpforms-block-2742d452-0e97-47a3-950d-60c03c930a9e\" id=\"wpforms-10\"><form id=\"wpforms-form-10\" class=\"wpforms-validate wpforms-form wpforms-ajax-form\" data-formid=\"10\" method=\"post\" enctype=\"multipart\/form-data\" action=\"\/index.php\/wp-json\/wp\/v2\/pages\/764\" data-token=\"96401481d51baaaa31eb503b84eba2dd\" data-token-time=\"1777068211\"><noscript class=\"wpforms-error-noscript\">Por favor, activa JavaScript en tu navegador para completar este formulario.<\/noscript><div class=\"wpforms-field-container\"><div id=\"wpforms-10-field_0-container\" class=\"wpforms-field wpforms-field-name\" data-field-id=\"0\"><label class=\"wpforms-field-label\" for=\"wpforms-10-field_0\">Nombre <span class=\"wpforms-required-label\">*<\/span><\/label><input type=\"text\" id=\"wpforms-10-field_0\" class=\"wpforms-field-large wpforms-field-required\" name=\"wpforms[fields][0]\" required><\/div><div id=\"wpforms-10-field_1-container\" class=\"wpforms-field wpforms-field-email\" data-field-id=\"1\"><label class=\"wpforms-field-label\" for=\"wpforms-10-field_1\">Email <span class=\"wpforms-required-label\">*<\/span><\/label><input type=\"email\" id=\"wpforms-10-field_1\" class=\"wpforms-field-large wpforms-field-required\" name=\"wpforms[fields][1]\" spellcheck=\"false\" required><\/div><div id=\"wpforms-10-field_3-container\" class=\"wpforms-field wpforms-field-number\" data-field-id=\"3\"><label class=\"wpforms-field-label\" for=\"wpforms-10-field_3\">N\u00famero telef\u00f3nico <span class=\"wpforms-required-label\">*<\/span><\/label><input type=\"number\" id=\"wpforms-10-field_3\" class=\"wpforms-field-large wpforms-field-required\" name=\"wpforms[fields][3]\" step=\"any\" required><\/div><\/div><!-- .wpforms-field-container --><div class=\"wpforms-submit-container\" ><input type=\"hidden\" name=\"wpforms[id]\" value=\"10\"><input type=\"hidden\" name=\"page_title\" value=\"\"><input type=\"hidden\" name=\"page_url\" value=\"https:\/\/anandaspapty.com\/index.php\/wp-json\/wp\/v2\/pages\/764\"><input type=\"hidden\" name=\"url_referer\" value=\"https:\/\/anandaspapty.com\/index.php\/contact\/\"><button type=\"submit\" name=\"wpforms[submit]\" id=\"wpforms-submit-10\" class=\"wpforms-submit\" data-alt-text=\"Sending...\" data-submit-text=\"Solicitar informaci\u00f3n\" aria-live=\"assertive\" value=\"wpforms-submit\">Solicitar informaci\u00f3n<\/button><img loading=\"lazy\" decoding=\"async\" src=\"https:\/\/anandaspapty.com\/wp-content\/plugins\/wpforms-lite\/assets\/images\/submit-spin.svg\" class=\"wpforms-submit-spinner\" style=\"display: none;\" width=\"26\" height=\"26\" alt=\"Cargando\"><\/div><\/form><\/div>  <!-- .wpforms-container --><\/div>\n<\/div><\/div>\n\n\n\n<div class=\"wp-block-uagb-container uagb-block-ed04248c alignfull uagb-is-root-container\">\t\t\t<div \n\t\t\tclass=\"wp-block-uagb-google-map uagb-google-map__wrap uagb-block-5bd5c984     \"\n\t\t\tstyle=\"\" >\n\t\t\t\t<embed\n\t\t\t\t\tclass=\"uagb-google-map__iframe\"\n\t\t\t\t\ttitle=\"Google Map for \"\n\t\t\t\t\tsrc=\"https:\/\/maps.google.com\/maps?q=Ciudad%20De%20Panam%C3%A1%3A%20PH.%20PLAZA%20BELLAVISTA&#038;z=15&#038;hl=es&#038;t=m&#038;output=embed&#038;iwloc=near\"\n\t\t\t\t\twidth=\"640\"\n\t\t\t\t\theight=\"456\"\n\t\t\t\t\tloading=\"lazy\"\n\t\t\t\t><\/embed>\n\t\t\t<\/div>\n\t\t\t<\/div>\n","protected":false},"excerpt":{"rendered":"<p>Celebra el amor y la relajaci\u00f3n en un ambiente \u00edntimo creado para que no solo t\u00fa, sino tambi\u00e9n las parejas, se sumerjan en la serenidad y se reconecten en cuerpo y alma. Cont\u00e1ctanos \u00bfQU\u00c9 EST\u00c1S ESPERANDO?&#8230;<\/p>\n","protected":false},"author":1,"featured_media":0,"parent":0,"menu_order":0,"comment_status":"closed","ping_status":"closed","template":"","meta":{"om_disable_all_campaigns":false,"_uag_custom_page_level_css":"","_monsterinsights_skip_tracking":false,"_monsterinsights_sitenote_active":false,"_monsterinsights_sitenote_note":"","_monsterinsights_sitenote_category":0,"site-sidebar-layout":"no-sidebar","site-content-layout":"page-builder","ast-site-content-layout":"full-width-container","site-content-style":"unboxed","site-sidebar-style":"unboxed","ast-global-header-display":"","ast-banner-title-visibility":"","ast-main-header-display":"","ast-hfb-above-header-display":"","ast-hfb-below-header-display":"","ast-hfb-mobile-header-display":"","site-post-title":"disabled","ast-breadcrumbs-content":"","ast-featured-img":"disabled","footer-sml-layout":"","ast-disable-related-posts":"","theme-transparent-header-meta":"enabled","adv-header-id-meta":"","stick-header-meta":"","header-above-stick-meta":"","header-main-stick-meta":"","header-below-stick-meta":"","astra-migrate-meta-layouts":"set","ast-page-background-enabled":"default","ast-page-background-meta":{"desktop":{"background-color":"var(--ast-global-color-4)","background-image":"","background-repeat":"repeat","background-position":"center center","background-size":"auto","background-attachment":"scroll","background-type":"","background-media":"","overlay-type":"","overlay-color":"","overlay-opacity":"","overlay-gradient":""},"tablet":{"background-color":"","background-image":"","background-repeat":"repeat","background-position":"center center","background-size":"auto","background-attachment":"scroll","background-type":"","background-media":"","overlay-type":"","overlay-color":"","overlay-opacity":"","overlay-gradient":""},"mobile":{"background-color":"","background-image":"","background-repeat":"repeat","background-position":"center center","background-size":"auto","background-attachment":"scroll","background-type":"","background-media":"","overlay-type":"","overlay-color":"","overlay-opacity":"","overlay-gradient":""}},"ast-content-background-meta":{"desktop":{"background-color":"var(--ast-global-color-5)","background-image":"","background-repeat":"repeat","background-position":"center center","background-size":"auto","background-attachment":"scroll","background-type":"","background-media":"","overlay-type":"","overlay-color":"","overlay-opacity":"","overlay-gradient":""},"tablet":{"background-color":"var(--ast-global-color-5)","background-image":"","background-repeat":"repeat","background-position":"center center","background-size":"auto","background-attachment":"scroll","background-type":"","background-media":"","overlay-type":"","overlay-color":"","overlay-opacity":"","overlay-gradient":""},"mobile":{"background-color":"var(--ast-global-color-5)","background-image":"","background-repeat":"repeat","background-position":"center center","background-size":"auto","background-attachment":"scroll","background-type":"","background-media":"","overlay-type":"","overlay-color":"","overlay-opacity":"","overlay-gradient":""}},"_joinchat":{"message_send":"Hola Ananda Spa, necesito mayor informaci\u00f3n."},"footnotes":""},"class_list":["post-764","page","type-page","status-publish","hentry"],"aioseo_notices":[],"uagb_featured_image_src":{"full":false,"thumbnail":false,"medium":false,"medium_large":false,"large":false,"1536x1536":false,"2048x2048":false},"uagb_author_info":{"display_name":"anandaspapty.com","author_link":"https:\/\/anandaspapty.com\/index.php\/author\/anandaspapty-com\/"},"uagb_comment_info":0,"uagb_excerpt":"Celebra el amor y la relajaci\u00f3n en un ambiente \u00edntimo creado para que no solo t\u00fa, sino tambi\u00e9n las parejas, se sumerjan en la serenidad y se reconecten en cuerpo y alma. Cont\u00e1ctanos \u00bfQU\u00c9 EST\u00c1S ESPERANDO?&#8230;","_links":{"self":[{"href":"https:\/\/anandaspapty.com\/index.php\/wp-json\/wp\/v2\/pages\/764","targetHints":{"allow":["GET"]}}],"collection":[{"href":"https:\/\/anandaspapty.com\/index.php\/wp-json\/wp\/v2\/pages"}],"about":[{"href":"https:\/\/anandaspapty.com\/index.php\/wp-json\/wp\/v2\/types\/page"}],"author":[{"embeddable":true,"href":"https:\/\/anandaspapty.com\/index.php\/wp-json\/wp\/v2\/users\/1"}],"replies":[{"embeddable":true,"href":"https:\/\/anandaspapty.com\/index.php\/wp-json\/wp\/v2\/comments?post=764"}],"version-history":[{"count":13,"href":"https:\/\/anandaspapty.com\/index.php\/wp-json\/wp\/v2\/pages\/764\/revisions"}],"predecessor-version":[{"id":2034,"href":"https:\/\/anandaspapty.com\/index.php\/wp-json\/wp\/v2\/pages\/764\/revisions\/2034"}],"wp:attachment":[{"href":"https:\/\/anandaspapty.com\/index.php\/wp-json\/wp\/v2\/media?parent=764"}],"curies":[{"name":"wp","href":"https:\/\/api.w.org\/{rel}","templated":true}]}}